{"id":72,"date":"2013-02-24T13:08:58","date_gmt":"2013-02-24T13:08:58","guid":{"rendered":"http:\/\/gensactowergites.com\/?page_id=72"},"modified":"2018-10-09T20:12:34","modified_gmt":"2018-10-09T20:12:34","slug":"home","status":"publish","type":"page","link":"http:\/\/gensactowergites.com\/","title":{"rendered":"Home"},"content":{"rendered":"<p style=\"text-align: center;\">Gensac Tower gite is a former windmill now converted to provide unique, quality holiday accommodation for two people in this beautiful, rolling, wine region of South West France.<\/p>\n<p style=\"text-align: center;\">Set on the edge of the historic village of Gensac with its restored medieval centre and commanding views of the Dur\u00e8ze valley, the windmill was used as a look-out tower during the early years of WWII and the 360\u00b0 views from the roof are spectacular.<\/p>\n<p style=\"text-align: center;\">This is the ideal place to experience French village life. \u00a0Walk to the bakery in the morning to buy your croissants and baguette. \u00a0In early spring and late autumn, catch the migrating flocks of cranes flying overhead in their hundreds. \u00a0In September\/October you might find us in the midst of the\u00a0<em>vendanges<\/em>, grape harvest, and may well witness the grape harvest machines at work, or see trailer loads of grapes making their way up the road to the local wine cooperative. Stroll into the village in the evening for an aperitif or meal at one of the bar-restaurants, or simply relax on your own terrace watching the sun set behind the hills.<\/p>\n<p style=\"text-align: center;\"><em>Gensac Tower gite est un ancien moulin \u00e0 vent transform\u00e9 en tour de guet pendant la Guerre 1939-45 et r\u00e9cemment r\u00e9nov\u00e9 en g\u00eete rural pour 2 personnes.\u00a0 Situ\u00e9 pr\u00e8s de la belle vall\u00e9e de la Dordogne parmi les vignobles bordelais et \u00e0 proximit\u00e9 du beau village de Gensac, class\u00e9 \u00ab\u00a0village ancien\u00a0\u00bb. \u00a0Vues imprenables du toit du moulin\u00a0; tout confort\u00a0; terrasse avec belle vue de la vall\u00e9e\u00a0; commerces 5 minutes \u00e0 pied.<\/em><\/p>\n<p style=\"text-align: center;\">For more information or to book, go to Contact us<\/p>\n<p>&nbsp;<\/p>\n","protected":false},"excerpt":{"rendered":"<p>Gensac Tower gite is a former windmill now converted to provide unique, quality holiday accommodation for two people in this beautiful, rolling, wine region of South West France. Set on the edge of the historic village of Gensac with its &hellip; <a href=\"http:\/\/gensactowergites.com\/\">Continue reading <span class=\"meta-nav\">&rarr;<\/span><\/a><\/p>\n","protected":false},"author":1,"featured_media":0,"parent":0,"menu_order":0,"comment_status":"closed","ping_status":"open","template":"","meta":{"footnotes":""},"class_list":["post-72","page","type-page","status-publish","hentry"],"_links":{"self":[{"href":"http:\/\/gensactowergites.com\/index.php?rest_route=\/wp\/v2\/pages\/72","targetHints":{"allow":["GET"]}}],"collection":[{"href":"http:\/\/gensactowergites.com\/index.php?rest_route=\/wp\/v2\/pages"}],"about":[{"href":"http:\/\/gensactowergites.com\/index.php?rest_route=\/wp\/v2\/types\/page"}],"author":[{"embeddable":true,"href":"http:\/\/gensactowergites.com\/index.php?rest_route=\/wp\/v2\/users\/1"}],"replies":[{"embeddable":true,"href":"http:\/\/gensactowergites.com\/index.php?rest_route=%2Fwp%2Fv2%2Fcomments&post=72"}],"version-history":[{"count":6,"href":"http:\/\/gensactowergites.com\/index.php?rest_route=\/wp\/v2\/pages\/72\/revisions"}],"predecessor-version":[{"id":146,"href":"http:\/\/gensactowergites.com\/index.php?rest_route=\/wp\/v2\/pages\/72\/revisions\/146"}],"wp:attachment":[{"href":"http:\/\/gensactowergites.com\/index.php?rest_route=%2Fwp%2Fv2%2Fmedia&parent=72"}],"curies":[{"name":"wp","href":"https:\/\/api.w.org\/{rel}","templated":true}]}}